{"id":13050,"date":"2024-11-11T05:26:47","date_gmt":"2024-11-11T11:26:47","guid":{"rendered":"https:\/\/antociano.net\/blog\/?page_id=13050"},"modified":"2025-04-22T09:32:55","modified_gmt":"2025-04-22T15:32:55","slug":"decima-wine-fest-como-funciona","status":"publish","type":"page","link":"https:\/\/antociano.net\/blog\/decima-wine-fest-como-funciona\/","title":{"rendered":"\u00bfC\u00f3mo funciona el D\u00e9cima Wine Fest?"},"content":{"rendered":"<div class=\"wp-block-image is-style-rounded\">\n<figure class=\"aligncenter size-large\"><img fetchpriority=\"high\" decoding=\"async\" width=\"1024\" height=\"380\" src=\"https:\/\/antociano.net\/blog\/wp-content\/uploads\/2024\/11\/DWF-Banner-Horizontal-1024x380.png\" alt=\"\" class=\"wp-image-13042\" srcset=\"https:\/\/antociano.net\/blog\/wp-content\/uploads\/2024\/11\/DWF-Banner-Horizontal-1024x380.png 1024w, https:\/\/antociano.net\/blog\/wp-content\/uploads\/2024\/11\/DWF-Banner-Horizontal-300x111.png 300w, https:\/\/antociano.net\/blog\/wp-content\/uploads\/2024\/11\/DWF-Banner-Horizontal-768x285.png 768w, https:\/\/antociano.net\/blog\/wp-content\/uploads\/2024\/11\/DWF-Banner-Horizontal-1536x571.png 1536w, https:\/\/antociano.net\/blog\/wp-content\/uploads\/2024\/11\/DWF-Banner-Horizontal-2048x761.png 2048w\" sizes=\"(max-width: 1024px) 100vw, 1024px\" \/><\/figure><\/div>\n\n\n<p><\/p>\n\n\n\n<p><\/p>\n\n\n\n<p>A continuaci\u00f3n te compartimos detalles sobre la din\u00e1mica de funcionamiento del <strong>D\u00e9cima Wine Fest<\/strong> para que puedas aprovechar el evento de la mejor manera posible.<\/p>\n\n\n\n<p><strong>\u00bfQu\u00e9 sucede luego de que compro mis entradas?<\/strong><\/p>\n\n\n\n<ul class=\"wp-block-list\">\n<li>Si compraste tus entradas online y con anticipaci\u00f3n vas a recibir un correo con los pasos para solicitar espacio en una de las catas disponibles.<\/li>\n\n\n\n<li>La participaci\u00f3n en una de estas catas no tiene costo y es uno de los beneficios de participar en este evento.<\/li>\n\n\n\n<li>El registro no garantiza participaci\u00f3n, unos d\u00edas antes del evento recibir\u00e1s un correo indicando si tu registro est\u00e1 dentro de los cupos disponibles.<\/li>\n<\/ul>\n\n\n\n<p><strong>\u00bfQu\u00e9 debo hacer el d\u00eda del evento?<\/strong><\/p>\n\n\n\n<ul class=\"wp-block-list\">\n<li>El d\u00eda del evento debes presentarte en la mesa de acreditaci\u00f3n, all\u00ed verificar\u00e1n tu compra y te entregar\u00e1n una copa conmemorativa y un brazalete para que los stands participantes puedan identificarte como parte del evento y puedas degustar los vinos que ofrecen.<\/li>\n\n\n\n<li>Puedes visitar todos los stands y probar diversas opciones de vinos que ofrezcan, siempre con la visi\u00f3n de un consumo responsable.<\/li>\n<\/ul>\n\n\n\n<p><strong>\u00bfQu\u00e9 debo hacer si estoy registrado a una cata?<\/strong><\/p>\n\n\n\n<ul class=\"wp-block-list\">\n<li>Verifica el lugar y horario de la cata en la que te hayas registrado.<\/li>\n\n\n\n<li>Recomendamos que llegues antes de iniciar la cata para poder darte el ingreso y organizar a los que est\u00e1n en la lista de espera.<\/li>\n\n\n\n<li>Si no tienes espacio en alguna de las catas, recomendamos que te acerques antes del inicio de cada cata para que te anotes en la lista de espera en caso de que se liberen cupos por inasistencia.<\/li>\n<\/ul>\n\n\n\n<p><strong>\u00bfC\u00f3mo puedo aprovechar mejor el evento?<\/strong><\/p>\n\n\n\n<ul class=\"wp-block-list\">\n<li>Explora primero: Recomendamos que al llegar des una vuelta de exploraci\u00f3n para ver los diferentes stands que est\u00e1n participando y observar los vinos disponibles.<\/li>\n\n\n\n<li><span style=\"color: initial;\">Conversa con los expositores: Obt\u00e9n detalles sobre vinos de la mano de los importadores.<\/span><\/li>\n\n\n\n<li>Prueba algo nuevo: Sal de tu zona de confort con etiquetas poco comunes y diferentes a lo que sueles probar.<\/li>\n\n\n\n<li>Conecta con otros asistentes: Ampl\u00eda tu red de contactos y comparte experiencias con otros amantes del vino.<\/li>\n\n\n\n<li>Registra tu experiencia: Lleva un cuaderno para tomar notas y recordar tus vinos favoritos o reg\u00edstralo en tu tel\u00e9fono con fotos o aplicaciones como Vivino.<\/li>\n\n\n\n<li>Mantente hidratado: Bebe agua entre catas para mantenerte fresco y seguir disfrutando de manera responsable.<\/li>\n\n\n\n<li>Come entre catas: Marida con alimentos disponibles en los restaurantes del comercial para evitar fatiga.<\/li>\n\n\n\n<li>Sigue las redes sociales: Aprovecha el hashtag del evento #DecimaWineFest para descubrir lo que ocurre durante el evento.<\/li>\n\n\n\n<li>Compra estrat\u00e9gicamente: Muchos de los vinos estar\u00e1n a la venta y puedes hacer compras para ti y para regalar, si encuentras un vino que te interese verifica si ofrecen promociones especiales durante el evento.<\/li>\n<\/ul>\n\n\n\n<p><strong>\u00bfQu\u00e9 otros beneficios tiene el evento?<\/strong><\/p>\n\n\n\n<ul class=\"wp-block-list\">\n<li>D\u00e9cima Plaza tiene una excelente oferta gastron\u00f3mica con diferentes estilos y tienes la posibilidad de cenar en varios de los lugares sin cobro por descorche.<\/li>\n\n\n\n<li>Este beneficio est\u00e1 sujeto a condiciones del restaurante.<\/li>\n<\/ul>\n\n\n\n<p><strong>Descubre tu vino favorito en la mejor feria de vinos de Guatemala.<\/strong><\/p>\n\n\n<div class=\"wp-block-image\">\n<figure class=\"aligncenter size-full\"><img decoding=\"async\" width=\"550\" height=\"220\" src=\"https:\/\/antociano.net\/blog\/wp-content\/uploads\/2024\/11\/DWF-Banner-Fotos.jpg\" alt=\"\" class=\"wp-image-13044\" srcset=\"https:\/\/antociano.net\/blog\/wp-content\/uploads\/2024\/11\/DWF-Banner-Fotos.jpg 550w, https:\/\/antociano.net\/blog\/wp-content\/uploads\/2024\/11\/DWF-Banner-Fotos-300x120.jpg 300w\" sizes=\"(max-width: 550px) 100vw, 550px\" \/><\/figure><\/div>","protected":false},"excerpt":{"rendered":"<p>A continuaci\u00f3n te compartimos detalles sobre la din\u00e1mica de funcionamiento del D\u00e9cima Wine Fest para que puedas aprovechar el evento de la mejor manera posible.&hellip;<\/p>\n","protected":false},"author":1,"featured_media":0,"parent":0,"menu_order":0,"comment_status":"closed","ping_status":"closed","template":"","meta":{"footnotes":""},"class_list":["post-13050","page","type-page","status-publish","hentry"],"acf":[],"_links":{"self":[{"href":"https:\/\/antociano.net\/blog\/wp-json\/wp\/v2\/pages\/13050","targetHints":{"allow":["GET"]}}],"collection":[{"href":"https:\/\/antociano.net\/blog\/wp-json\/wp\/v2\/pages"}],"about":[{"href":"https:\/\/antociano.net\/blog\/wp-json\/wp\/v2\/types\/page"}],"author":[{"embeddable":true,"href":"https:\/\/antociano.net\/blog\/wp-json\/wp\/v2\/users\/1"}],"replies":[{"embeddable":true,"href":"https:\/\/antociano.net\/blog\/wp-json\/wp\/v2\/comments?post=13050"}],"version-history":[{"count":5,"href":"https:\/\/antociano.net\/blog\/wp-json\/wp\/v2\/pages\/13050\/revisions"}],"predecessor-version":[{"id":13398,"href":"https:\/\/antociano.net\/blog\/wp-json\/wp\/v2\/pages\/13050\/revisions\/13398"}],"wp:attachment":[{"href":"https:\/\/antociano.net\/blog\/wp-json\/wp\/v2\/media?parent=13050"}],"curies":[{"name":"wp","href":"https:\/\/api.w.org\/{rel}","templated":true}]}}