{"id":13030,"date":"2024-11-10T03:15:23","date_gmt":"2024-11-10T09:15:23","guid":{"rendered":"https:\/\/antociano.net\/blog\/?page_id=13030"},"modified":"2024-11-11T04:47:53","modified_gmt":"2024-11-11T10:47:53","slug":"decima-wine-fest","status":"publish","type":"page","link":"https:\/\/antociano.net\/blog\/decima-wine-fest\/","title":{"rendered":"Acerca de la feria"},"content":{"rendered":"<div class=\"wp-block-image is-style-rounded\">\n<figure class=\"aligncenter size-large\"><img fetchpriority=\"high\" decoding=\"async\" width=\"1024\" height=\"380\" src=\"https:\/\/antociano.net\/blog\/wp-content\/uploads\/2024\/11\/DWF-Banner-Horizontal-1024x380.png\" alt=\"\" class=\"wp-image-13042\" srcset=\"https:\/\/antociano.net\/blog\/wp-content\/uploads\/2024\/11\/DWF-Banner-Horizontal-1024x380.png 1024w, https:\/\/antociano.net\/blog\/wp-content\/uploads\/2024\/11\/DWF-Banner-Horizontal-300x111.png 300w, https:\/\/antociano.net\/blog\/wp-content\/uploads\/2024\/11\/DWF-Banner-Horizontal-768x285.png 768w, https:\/\/antociano.net\/blog\/wp-content\/uploads\/2024\/11\/DWF-Banner-Horizontal-1536x571.png 1536w, https:\/\/antociano.net\/blog\/wp-content\/uploads\/2024\/11\/DWF-Banner-Horizontal-2048x761.png 2048w\" sizes=\"(max-width: 1024px) 100vw, 1024px\" \/><\/figure><\/div>\n\n\n<p><\/p>\n\n\n\n<p><\/p>\n\n\n\n<p>El <strong>D\u00e9cima Wine Fest<\/strong> es un evento imperdible para los amantes del vino y quienes buscan disfrutar de este fascinante mundo, haci\u00e9ndola perfecta para todo p\u00fablico, tanto entusiastas como para quienes se inician en este universo.<\/p>\n\n\n\n<p>Este evento se celebra dos veces al a\u00f1o en un entorno acogedor y din\u00e1mico, el <strong>Centro Comercial D\u00e9cima Plaza<\/strong> en Zona 14, y ofrece la oportunidad de degustar una amplia selecci\u00f3n de vinos de distintas regiones, pa\u00edses y estilos, desde etiquetas cl\u00e1sicas hasta propuestas m\u00e1s novedosas y recientes.<\/p>\n\n\n\n<p>Cada edici\u00f3n es organizada con una atenci\u00f3n especial al detalle, cada expositor se prepara para compartir historias y secretos de los diferentes vinos que presentan, creando un ambiente \u00fanico y enriquecedor.<\/p>\n\n\n\n<p>Los asistentes podr\u00e1n disfrutar de catas guiadas y descubrir maridajes sorprendentes con la variedad de propuestas culinarias que ofrecen los distintos restaurantes que se encuentran en <strong>D\u00e9cima Plaza<\/strong>.<\/p>\n\n\n\n<p>Compra tu entrada y s\u00e9 parte de este encuentro especial que celebra la diversidad y la calidad.<\/p>\n\n\n\n<p>Deja que tus sentidos exploren, aprende y disfruta en un evento que promete dejar huella en tu memoria.<\/p>\n\n\n\n<p><strong>Descubre tu vino favorito en la mejor feria de vinos de Guatemala.<\/strong><\/p>\n\n\n<div class=\"wp-block-image\">\n<figure class=\"aligncenter size-full\"><img decoding=\"async\" width=\"550\" height=\"220\" src=\"https:\/\/antociano.net\/blog\/wp-content\/uploads\/2024\/11\/DWF-Banner-Fotos.jpg\" alt=\"\" class=\"wp-image-13044\" srcset=\"https:\/\/antociano.net\/blog\/wp-content\/uploads\/2024\/11\/DWF-Banner-Fotos.jpg 550w, https:\/\/antociano.net\/blog\/wp-content\/uploads\/2024\/11\/DWF-Banner-Fotos-300x120.jpg 300w\" sizes=\"(max-width: 550px) 100vw, 550px\" \/><\/figure><\/div>","protected":false},"excerpt":{"rendered":"<p>El D\u00e9cima Wine Fest es un evento imperdible para los amantes del vino y quienes buscan disfrutar de este fascinante mundo, haci\u00e9ndola perfecta para todo&hellip;<\/p>\n","protected":false},"author":1,"featured_media":0,"parent":0,"menu_order":0,"comment_status":"closed","ping_status":"closed","template":"","meta":{"footnotes":""},"class_list":["post-13030","page","type-page","status-publish","hentry"],"acf":[],"_links":{"self":[{"href":"https:\/\/antociano.net\/blog\/wp-json\/wp\/v2\/pages\/13030","targetHints":{"allow":["GET"]}}],"collection":[{"href":"https:\/\/antociano.net\/blog\/wp-json\/wp\/v2\/pages"}],"about":[{"href":"https:\/\/antociano.net\/blog\/wp-json\/wp\/v2\/types\/page"}],"author":[{"embeddable":true,"href":"https:\/\/antociano.net\/blog\/wp-json\/wp\/v2\/users\/1"}],"replies":[{"embeddable":true,"href":"https:\/\/antociano.net\/blog\/wp-json\/wp\/v2\/comments?post=13030"}],"version-history":[{"count":5,"href":"https:\/\/antociano.net\/blog\/wp-json\/wp\/v2\/pages\/13030\/revisions"}],"predecessor-version":[{"id":13046,"href":"https:\/\/antociano.net\/blog\/wp-json\/wp\/v2\/pages\/13030\/revisions\/13046"}],"wp:attachment":[{"href":"https:\/\/antociano.net\/blog\/wp-json\/wp\/v2\/media?parent=13030"}],"curies":[{"name":"wp","href":"https:\/\/api.w.org\/{rel}","templated":true}]}}